{"id":2122,"date":"2024-08-05T15:45:54","date_gmt":"2024-08-05T12:45:54","guid":{"rendered":"https:\/\/www.sancaklarsteelgroup.com\/?page_id=2122"},"modified":"2025-02-13T12:35:03","modified_gmt":"2025-02-13T09:35:03","slug":"contact","status":"publish","type":"page","link":"https:\/\/www.sancaklarsteelgroup.com\/en\/contact\/","title":{"rendered":"Contact"},"content":{"rendered":"<div class=\"wpb-content-wrapper\"><p>[vc_row full_width=&#8221;stretch_row_content_no_spaces&#8221; css=&#8221;.vc_custom_1720607416971{margin-top: -1px !important;margin-bottom: 30px !important;border-bottom-width: 30px !important;padding-bottom: 30px !important;}&#8221;][vc_column css=&#8221;.vc_custom_1720607324238{margin-bottom: 30px !important;border-bottom-width: 30px !important;}&#8221;]<div id=\"sc_googlemap_754893524_wrap\" class=\"sc_googlemap_wrap\"><div class=\"sc_googlemap_content_wrap\"><div id=\"sc_googlemap_754893524\"\n\t\t\tclass=\"sc_googlemap sc_googlemap_default\"\n\t\t\t style=\"width:100%;height:600px;\"\t\t\tdata-zoom=\"12\"\n\t\t\tdata-style=\"grey\"\n\n\t\t\t><iframe\n\t\t\t\t\tsrc=\"https:\/\/maps.google.com\/maps?t=m&output=embed&iwloc=near&z=12&q=+%C3%9C%C3%A7evler+Mah.+Tanay+Cad.+Arslansaray+%C4%B0%C5%9F+Merkezi+No%3A23%2F3+Kat%3A3+no%3A23+Nil%C3%BCfer%2FBursa\"\n\t\t\t\t\tscrolling=\"no\"\n\t\t\t\t\tmarginheight=\"0\"\n\t\t\t\t\tmarginwidth=\"0\"\n\t\t\t\t\tframeborder=\"0\"\n\t\t\t\t\taria-label=\"\"><\/iframe><\/div>\t\t\t<div class=\"sc_googlemap_content sc_googlemap_content_default\">[vc_column_text scheme=&#8221;dark&#8221; css=&#8221;.vc_custom_1722862034759{margin-bottom: 1rem !important;}&#8221;]<\/p>\n<h4 class=\"trx_addons_no_margin\" style=\"text-align: center;\">Address<\/h4>\n<p>[\/vc_column_text][vc_column_text css=&#8221;.vc_custom_1739439300203{margin-bottom: 30px !important;}&#8221;]<\/p>\n<p style=\"text-align: center;\"><strong>Main Office:<\/strong> \u00dc\u00e7evler Mah. Tanay Cad. Arslansaray \u0130\u015f Merkezi No:23\/3 Kat:3 no:23 Nil\u00fcfer\/Bursa<\/p>\n<p>[\/vc_column_text][vc_column_text]<\/p>\n<p style=\"text-align: center;\">N\u0130LT\u0130M \u00dc\u00e7evler Mah. Ersan Sokak. 8A Kat:1A \u0130brahim Yaz\u0131c\u0131 Plaza 2, 16120 Ni\u0307l\u00fcfer\/Bursa<\/p>\n<p>[\/vc_column_text][vc_column_text scheme=&#8221;dark&#8221; css=&#8221;.vc_custom_1722862044052{margin-top: 3rem !important;}&#8221;]<\/p>\n<h4 class=\"trx_addons_no_margin\" style=\"text-align: center;\">Phone<\/h4>\n<p>[\/vc_column_text][vc_column_text]<\/p>\n<p style=\"text-align: center;\"><a href=\"tel:+905415051338\">05415051338<\/a><br \/>\n<a href=\"tel:05439441338\">05439441338<\/a>[\/vc_column_text][vc_column_text scheme=&#8221;dark&#8221; css=&#8221;.vc_custom_1720607571497{margin-top: 3rem !important;}&#8221;]<\/p>\n<h4 class=\"trx_addons_no_margin\" style=\"text-align: center;\">Email<\/h4>\n<p>[\/vc_column_text][vc_column_text css=&#8221;.vc_custom_1720607711523{margin-bottom: 2rem !important;}&#8221;]<\/p>\n<p style=\"text-align: center; font-size: 11px;\"><a href=\"mailto:satis@sancaklarsteelgroup.com\">satis@sancaklarsteelgroup.com<\/a><br \/>\n<a href=\"mailto:sancaklar@sancaklarsteelgroup.com\">sancaklar@sancaklarsteelgroup.com<\/a><br \/>\n<a href=\"mailto:muhasebe@sancaklarsteelgroup.com\">muhasebe@sancaklarsteelgroup.com<\/a>[\/vc_column_text]<\/div>\n\t\t<\/div>\n\t\t<\/div><!-- \/.sc_googlemap_wrap -->[\/vc_column][\/vc_row][vc_row][vc_column width=&#8221;1\/4&#8243;][\/vc_column][vc_column width=&#8221;1\/2&#8243; css=&#8221;.vc_custom_1719997724953{padding-right: 50px !important;padding-left: 50px !important;}&#8221;][vc_empty_space alter_height=&#8221;large&#8221; hide_on_mobile=&#8221;&#8221;]<div id=\"sc_title_2129152321\"\n\t\tclass=\"sc_title sc_title_default  vc_custom_1722862078650\"><h6 class=\"sc_item_subtitle sc_title_subtitle sc_align_center sc_item_title_style_default\">Fill The Form<\/h6><h2 class=\"sc_item_title sc_title_title sc_align_center sc_item_title_style_default sc_item_title_tag\">Contact Us<\/h2><\/div><!-- \/.sc_title -->[vc_raw_html]JTVCY29udGFjdC1mb3JtLTclMjBpZCUzRCUyMmJlOTg1NDYlMjIlMjB0aXRsZSUzRCUyMkNvbnRhY3QlMjBmb3JtJTIwMV9jb3B5JTIyJTVE[\/vc_raw_html][vc_empty_space alter_height=&#8221;huge&#8221; hide_on_mobile=&#8221;&#8221;][\/vc_column][vc_column width=&#8221;1\/4&#8243;][\/vc_column][\/vc_row]<\/p>\n<\/div>","protected":false},"excerpt":{"rendered":"<p>[vc_row full_width=&#8221;stretch_row_content_no_spaces&#8221; css=&#8221;.vc_custom_1720607416971{margin-top: -1px !important;margin-bottom: 30px !important;border-bottom-width: 30px !important;padding-bottom: 30px !important;}&#8221;][vc_column css=&#8221;.vc_custom_1720607324238{margin-bottom: 30px !important;border-bottom-width: 30px !important;}&#8221;][\/vc_column][\/vc_row][vc_row][vc_column width=&#8221;1\/4&#8243;][\/vc_column][vc_column width=&#8221;1\/2&#8243; css=&#8221;.vc_custom_1719997724953{padding-right: 50px !important;padding-left: 50px !important;}&#8221;][vc_empty_space alter_height=&#8221;large&#8221; hide_on_mobile=&#8221;&#8221;][vc_raw_html]JTVCY29udGFjdC1mb3JtLTclMjBpZCUzRCUyMmJlOTg1NDYlMjIlMjB0aXRsZSUzRCUyMkNvbnRhY3QlMjBmb3JtJTIwMV9jb3B5JTIyJTVE[\/vc_raw_html][vc_empty_space alter_height=&#8221;huge&#8221; hide_on_mobile=&#8221;&#8221;][\/vc_column][vc_column width=&#8221;1\/4&#8243;][\/vc_column][\/vc_row]<\/p>\n","protected":false},"author":1,"featured_media":0,"parent":0,"menu_order":0,"comment_status":"closed","ping_status":"closed","template":"","meta":{"footnotes":""},"class_list":["post-2122","page","type-page","status-publish","hentry"],"_links":{"self":[{"href":"https:\/\/www.sancaklarsteelgroup.com\/en\/wp-json\/wp\/v2\/pages\/2122","targetHints":{"allow":["GET"]}}],"collection":[{"href":"https:\/\/www.sancaklarsteelgroup.com\/en\/wp-json\/wp\/v2\/pages"}],"about":[{"href":"https:\/\/www.sancaklarsteelgroup.com\/en\/wp-json\/wp\/v2\/types\/page"}],"author":[{"embeddable":true,"href":"https:\/\/www.sancaklarsteelgroup.com\/en\/wp-json\/wp\/v2\/users\/1"}],"replies":[{"embeddable":true,"href":"https:\/\/www.sancaklarsteelgroup.com\/en\/wp-json\/wp\/v2\/comments?post=2122"}],"version-history":[{"count":5,"href":"https:\/\/www.sancaklarsteelgroup.com\/en\/wp-json\/wp\/v2\/pages\/2122\/revisions"}],"predecessor-version":[{"id":2196,"href":"https:\/\/www.sancaklarsteelgroup.com\/en\/wp-json\/wp\/v2\/pages\/2122\/revisions\/2196"}],"wp:attachment":[{"href":"https:\/\/www.sancaklarsteelgroup.com\/en\/wp-json\/wp\/v2\/media?parent=2122"}],"curies":[{"name":"wp","href":"https:\/\/api.w.org\/{rel}","templated":true}]}}