{"id":2116,"date":"2024-08-05T15:35:27","date_gmt":"2024-08-05T12:35:27","guid":{"rendered":"https:\/\/www.sancaklarsteelgroup.com\/?page_id=2116"},"modified":"2024-08-05T17:14:23","modified_gmt":"2024-08-05T14:14:23","slug":"about-us","status":"publish","type":"page","link":"https:\/\/www.sancaklarsteelgroup.com\/en\/about-us\/","title":{"rendered":"About Us"},"content":{"rendered":"<div class=\"wpb-content-wrapper\"><p>[vc_row][vc_column][vc_empty_space alter_height=&#8221;huge&#8221; hide_on_mobile=&#8221;&#8221;][\/vc_column][vc_column width=&#8221;1\/2&#8243;]<div id=\"sc_title_342328611\"\n\t\tclass=\"sc_title sc_title_default  vc_custom_1722861771967\"><h6 class=\"sc_item_subtitle sc_title_subtitle sc_align_center sc_item_title_style_default\">Sancaklar Steel Group<\/h6><h2 class=\"sc_item_title sc_title_title sc_align_center sc_item_title_style_default sc_item_title_tag\">Welcome<\/h2><\/div><!-- \/.sc_title -->[vc_column_text]<\/p>\n<h3 style=\"text-align: center;\">A Different Perspective in Procurement<\/h3>\n<p style=\"text-align: center;\">Sancaklar Steel Group was established in 2019 and operates in cooperation with leading sectors in T\u00fcrkiye and around the world. Acting with the awareness of serving important sectors in terms of production such as automotive, defense industry, maritime, aviation, construction machinery and white goods, our company provides services as a leading company and solution partner in the supply of special metals by attaching great importance to service quality.<\/p>\n<p style=\"text-align: center;\">Since the day we were founded, we aim to offer the best solutions to our business partners by closely following the innovations in the sector and prioritizing customer satisfaction. As Sancaklar Steel Group, in addition to offering products of high quality standards to our customers, we also provide all kinds of technical support and consultancy services with our expert team.<\/p>\n<p>[\/vc_column_text][vc_empty_space alter_height=&#8221;huge&#8221; hide_on_mobile=&#8221;&#8221;][\/vc_column][vc_column width=&#8221;1\/2&#8243;][vc_single_image image=&#8221;1456&#8243; img_size=&#8221;full&#8221;][vc_empty_space alter_height=&#8221;huge&#8221; hide_on_mobile=&#8221;&#8221;][\/vc_column][\/vc_row][vc_row][vc_column width=&#8221;1\/2&#8243;][vc_single_image image=&#8221;1459&#8243; img_size=&#8221;full&#8221;][vc_empty_space alter_height=&#8221;huge&#8221; hide_on_mobile=&#8221;&#8221;][\/vc_column][vc_column width=&#8221;1\/2&#8243;][vc_column_text]<\/p>\n<p style=\"text-align: center; font-size: 16px;\"><strong>Mission<\/strong><\/p>\n<p style=\"text-align: center;\">Our biggest goal is to be a reliable and preferred company in the sector by meeting the needs of our customers in the best way possible. In this regard, in addition to offering high quality products, we work to keep customer satisfaction at the highest level. We aim to exceed our customers&#8217; expectations by providing fast, effective and solution-oriented services at every stage.<\/p>\n<p style=\"text-align: center; font-size: 16px;\"><strong>Vision<\/strong><\/p>\n<p style=\"text-align: center;\">Our vision is to lead the industry with innovative and sustainable solutions by gaining a competitive position in the global market. As Sancaklar Steel Group, we aim to be a well-known and preferred brand in the international arena. To achieve this goal, we aim to lead changes in the industry by following world-wide best practices and technological innovations. By investing in our R&amp;D studies, we constantly expand and improve our product and service range.<\/p>\n<p>[\/vc_column_text][vc_empty_space alter_height=&#8221;huge&#8221; hide_on_mobile=&#8221;&#8221;][\/vc_column][\/vc_row][vc_row full_width=&#8221;stretch_row&#8221; parallax=&#8221;content-moving&#8221; parallax_image=&#8221;1465&#8243; parallax_speed_bg=&#8221;2&#8243; scheme=&#8221;dark&#8221; css=&#8221;.vc_custom_1719995148234{background-image: url(https:\/\/www.sancaklarsteelgroup.com\/wp-content\/uploads\/2017\/02\/parallax.jpg?id=371) !important;background-position: center;background-repeat: no-repeat;background-size:cover !important;}&#8221;][vc_column icons_position=&#8221;left&#8221; offset=&#8221;vc_col-lg-6 vc_col-md-6&#8243;][vc_empty_space alter_height=&#8221;huge&#8221; hide_on_mobile=&#8221;&#8221;][vc_single_image image=&#8221;1599&#8243; img_size=&#8221;full&#8221; alignment=&#8221;center&#8221;][vc_empty_space alter_height=&#8221;huge&#8221; hide_on_mobile=&#8221;&#8221; el_class=&#8221;hide_mobile_ct&#8221;][\/vc_column][vc_column icons_position=&#8221;left&#8221; offset=&#8221;vc_col-lg-6 vc_col-md-6&#8243;][vc_empty_space alter_height=&#8221;huge&#8221; hide_on_mobile=&#8221;&#8221;][vc_tta_tabs alignment=&#8221;right&#8221; active_section=&#8221;1&#8243; no_fill_content_area=&#8221;true&#8221; css=&#8221;.vc_custom_1489150170580{margin-top: 1rem !important;}&#8221;][vc_tta_section title=&#8221;2019&#8243; tab_id=&#8221;1477405762488-c3f7942c-2514&#8243;]<div id=\"sc_title_1646889862\"\n\t\tclass=\"sc_title sc_title_default\"><h6 class=\"sc_item_subtitle sc_title_subtitle sc_align_center sc_item_title_style_default\">Who we are?<\/h6><h2 class=\"sc_item_title sc_title_title sc_align_center sc_item_title_style_default\">About Us<\/h2><\/div><!-- \/.sc_title -->[vc_column_text css=&#8221;.vc_custom_1722855718203{margin-top: 2.3rem !important;margin-bottom: 1.1rem !important;}&#8221;]<\/p>\n<h3 class=\"trx_addons_no_margins\" style=\"text-align: center;\">Installation Phase<\/h3>\n<p>[\/vc_column_text][vc_column_text css=&#8221;.vc_custom_1722855729424{margin-bottom: 1.75rem !important;}&#8221;]<\/p>\n<p style=\"text-align: center;\">Our company; In 2019, based on Ahmet L\u00fctf\u00fc Uslu\u011f&#8217;s past experiences in the sector, he started his commercial life as Sancaklar Steel Group Metal Industry and Trade Limited Company.<\/p>\n<p>[\/vc_column_text][\/vc_tta_section][vc_tta_section title=&#8221;2020&#8243; tab_id=&#8221;1489150880374-b1781a34-9f7f&#8221;]<div id=\"sc_title_1022151923\"\n\t\tclass=\"sc_title sc_title_default\"><h6 class=\"sc_item_subtitle sc_title_subtitle sc_align_center sc_item_title_style_default\">Who we are?<\/h6><h2 class=\"sc_item_title sc_title_title sc_align_center sc_item_title_style_default\">About Us<\/h2><\/div><!-- \/.sc_title -->[vc_column_text css=&#8221;.vc_custom_1722855741454{margin-top: 2.3rem !important;margin-bottom: 1.1rem !important;}&#8221;]<\/p>\n<h3 class=\"trx_addons_no_margins\" style=\"text-align: center;\">Development Stage<\/h3>\n<p>[\/vc_column_text][vc_column_text css=&#8221;.vc_custom_1722855755584{margin-bottom: 1.75rem !important;}&#8221;]<\/p>\n<p style=\"text-align: center;\">Our company has managed to introduce itself to T\u00fcrkiye and the world market.<\/p>\n<p>[\/vc_column_text][\/vc_tta_section][vc_tta_section title=&#8221;2021&#8243; tab_id=&#8221;1489150879780-5f5ab1d6-b97b&#8221;]<div id=\"sc_title_2090014586\"\n\t\tclass=\"sc_title sc_title_default\"><h6 class=\"sc_item_subtitle sc_title_subtitle sc_align_center sc_item_title_style_default\">Who we are?<\/h6><h2 class=\"sc_item_title sc_title_title sc_align_center sc_item_title_style_default\">About Us<\/h2><\/div><!-- \/.sc_title -->[vc_column_text css=&#8221;.vc_custom_1722855781626{margin-top: 2.3rem !important;margin-bottom: 1.1rem !important;}&#8221;]<\/p>\n<h3 class=\"trx_addons_no_margins\" style=\"text-align: center;\">Growth Stage<\/h3>\n<p>[\/vc_column_text][vc_column_text css=&#8221;.vc_custom_1722855792036{margin-bottom: 1.75rem !important;}&#8221;]<\/p>\n<p style=\"text-align: center;\">It continued to expand its activities by moving from an area of \u200b\u200b200 m\u00b2 to an area of \u200b\u200b1200 m\u00b2.<\/p>\n<p>[\/vc_column_text][\/vc_tta_section][vc_tta_section title=&#8221;2023&#8243; tab_id=&#8221;1489150878522-40230a15-76e2&#8243;]<div id=\"sc_title_624551695\"\n\t\tclass=\"sc_title sc_title_default\"><h6 class=\"sc_item_subtitle sc_title_subtitle sc_align_center sc_item_title_style_default\">Who we are?<\/h6><h2 class=\"sc_item_title sc_title_title sc_align_center sc_item_title_style_default\">About Us<\/h2><\/div><!-- \/.sc_title -->[vc_column_text css=&#8221;.vc_custom_1722855804636{margin-top: 2.3rem !important;margin-bottom: 1.1rem !important;}&#8221;]<\/p>\n<h3 class=\"trx_addons_no_margins\" style=\"text-align: center;\">Evolution Stage<\/h3>\n<p>[\/vc_column_text][vc_column_text css=&#8221;.vc_custom_1722855814545{margin-bottom: 1.75rem !important;}&#8221;]<\/p>\n<p style=\"text-align: center;\">We have strengthened our place in Turkey and globally on this path of growth.<\/p>\n<p>[\/vc_column_text][\/vc_tta_section][\/vc_tta_tabs][vc_empty_space alter_height=&#8221;huge&#8221; hide_on_mobile=&#8221;&#8221; el_class=&#8221;hide_notebook_ct&#8221;][\/vc_column][vc_column][\/vc_column][\/vc_row][vc_row][vc_column icons_position=&#8221;left&#8221;][vc_empty_space alter_height=&#8221;large&#8221; hide_on_mobile=&#8221;&#8221;]<div class=\"sc_services sc_services_default\"><h6 class=\"sc_item_subtitle sc_services_subtitle sc_align_center sc_item_title_style_default\">What are we doing?<\/h6><h2 class=\"sc_item_title sc_services_title sc_align_center sc_item_title_style_default\">Services<\/h2><div class=\"sc_services_columns sc_item_columns sc_item_columns_3 trx_addons_columns_wrap columns_padding_bottom\"><div class=\"trx_addons_column-1_3\"><div class=\"sc_services_item with_content with_icon sc_services_item_featured_left\">\n\t<a href=\"https:\/\/www.sancaklarsteelgroup.com\/en\/services\/painted-sheet\/\"\n\t\t\t id=\"sc_services_1298733280_icon-product2\"\n\t\t\t class=\"sc_services_item_icon icon-product2\"\n\t\t\t ><\/a>\t\n\t<div class=\"sc_services_item_info\">\n\t\t<div class=\"sc_services_item_header\">\n\t\t\t<h3 class=\"sc_services_item_title\"><a href=\"https:\/\/www.sancaklarsteelgroup.com\/en\/services\/painted-sheet\/\">Painted Sheet<\/a><\/h3>\n\t\t<\/div>\n\t\t\t\t\t<div class=\"sc_services_item_content\">\n                <\/div>\n\t\t\t<div class=\"sc_services_item_button sc_item_button\"><a href=\"https:\/\/www.sancaklarsteelgroup.com\/en\/services\/painted-sheet\/\" class=\"sc_button\">read more<\/a><\/div>\n\t\t\t<\/div>\n<\/div>\n<\/div><div class=\"trx_addons_column-1_3\"><div class=\"sc_services_item with_content with_icon sc_services_item_featured_left\">\n\t<a href=\"https:\/\/www.sancaklarsteelgroup.com\/en\/services\/diamond-patterned-sheets\/\"\n\t\t\t id=\"sc_services_1298733280_icon-product1\"\n\t\t\t class=\"sc_services_item_icon icon-product1\"\n\t\t\t ><\/a>\t\n\t<div class=\"sc_services_item_info\">\n\t\t<div class=\"sc_services_item_header\">\n\t\t\t<h3 class=\"sc_services_item_title\"><a href=\"https:\/\/www.sancaklarsteelgroup.com\/en\/services\/diamond-patterned-sheets\/\">Diamond Patterned Sheets<\/a><\/h3>\n\t\t<\/div>\n\t\t\t\t\t<div class=\"sc_services_item_content\">\n                <\/div>\n\t\t\t<div class=\"sc_services_item_button sc_item_button\"><a href=\"https:\/\/www.sancaklarsteelgroup.com\/en\/services\/diamond-patterned-sheets\/\" class=\"sc_button\">read more<\/a><\/div>\n\t\t\t<\/div>\n<\/div>\n<\/div><div class=\"trx_addons_column-1_3\"><div class=\"sc_services_item with_content with_icon sc_services_item_featured_left\">\n\t<a href=\"https:\/\/www.sancaklarsteelgroup.com\/en\/services\/ck-group-steel-and-sheets\/\"\n\t\t\t id=\"sc_services_1298733280_icon-10\"\n\t\t\t class=\"sc_services_item_icon icon-10\"\n\t\t\t ><\/a>\t\n\t<div class=\"sc_services_item_info\">\n\t\t<div class=\"sc_services_item_header\">\n\t\t\t<h3 class=\"sc_services_item_title\"><a href=\"https:\/\/www.sancaklarsteelgroup.com\/en\/services\/ck-group-steel-and-sheets\/\">CK Group Steel and Sheets<\/a><\/h3>\n\t\t<\/div>\n\t\t\t\t\t<div class=\"sc_services_item_content\">\n                <\/div>\n\t\t\t<div class=\"sc_services_item_button sc_item_button\"><a href=\"https:\/\/www.sancaklarsteelgroup.com\/en\/services\/ck-group-steel-and-sheets\/\" class=\"sc_button\">read more<\/a><\/div>\n\t\t\t<\/div>\n<\/div>\n<\/div><div class=\"trx_addons_column-1_3\"><div class=\"sc_services_item with_content with_icon sc_services_item_featured_left\">\n\t<a href=\"https:\/\/www.sancaklarsteelgroup.com\/en\/services\/galvanized-sheet-group\/\"\n\t\t\t id=\"sc_services_1298733280_icon-9\"\n\t\t\t class=\"sc_services_item_icon icon-9\"\n\t\t\t ><\/a>\t\n\t<div class=\"sc_services_item_info\">\n\t\t<div class=\"sc_services_item_header\">\n\t\t\t<h3 class=\"sc_services_item_title\"><a href=\"https:\/\/www.sancaklarsteelgroup.com\/en\/services\/galvanized-sheet-group\/\">Galvanized Sheet Group<\/a><\/h3>\n\t\t<\/div>\n\t\t\t\t\t<div class=\"sc_services_item_content\">\n                <\/div>\n\t\t\t<div class=\"sc_services_item_button sc_item_button\"><a href=\"https:\/\/www.sancaklarsteelgroup.com\/en\/services\/galvanized-sheet-group\/\" class=\"sc_button\">read more<\/a><\/div>\n\t\t\t<\/div>\n<\/div>\n<\/div><div class=\"trx_addons_column-1_3\"><div class=\"sc_services_item with_content with_icon sc_services_item_featured_left\">\n\t<a href=\"https:\/\/www.sancaklarsteelgroup.com\/en\/services\/ccr-cold-sheet-metal-dkp\/\"\n\t\t\t id=\"sc_services_1298733280_icon-8\"\n\t\t\t class=\"sc_services_item_icon icon-8\"\n\t\t\t ><\/a>\t\n\t<div class=\"sc_services_item_info\">\n\t\t<div class=\"sc_services_item_header\">\n\t\t\t<h3 class=\"sc_services_item_title\"><a href=\"https:\/\/www.sancaklarsteelgroup.com\/en\/services\/ccr-cold-sheet-metal-dkp\/\">CCR- Cold Sheet Metal (DKP)<\/a><\/h3>\n\t\t<\/div>\n\t\t\t\t\t<div class=\"sc_services_item_content\">\n                <\/div>\n\t\t\t<div class=\"sc_services_item_button sc_item_button\"><a href=\"https:\/\/www.sancaklarsteelgroup.com\/en\/services\/ccr-cold-sheet-metal-dkp\/\" class=\"sc_button\">read more<\/a><\/div>\n\t\t\t<\/div>\n<\/div>\n<\/div><div class=\"trx_addons_column-1_3\"><div class=\"sc_services_item with_content with_icon sc_services_item_featured_left\">\n\t<a href=\"https:\/\/www.sancaklarsteelgroup.com\/en\/services\/hrp-acid-sheet-group\/\"\n\t\t\t id=\"sc_services_1298733280_icon-7\"\n\t\t\t class=\"sc_services_item_icon icon-7\"\n\t\t\t ><\/a>\t\n\t<div class=\"sc_services_item_info\">\n\t\t<div class=\"sc_services_item_header\">\n\t\t\t<h3 class=\"sc_services_item_title\"><a href=\"https:\/\/www.sancaklarsteelgroup.com\/en\/services\/hrp-acid-sheet-group\/\">HRP (Acid) Sheet Group<\/a><\/h3>\n\t\t<\/div>\n\t\t\t\t\t<div class=\"sc_services_item_content\">\n                <\/div>\n\t\t\t<div class=\"sc_services_item_button sc_item_button\"><a href=\"https:\/\/www.sancaklarsteelgroup.com\/en\/services\/hrp-acid-sheet-group\/\" class=\"sc_button\">read more<\/a><\/div>\n\t\t\t<\/div>\n<\/div>\n<\/div><\/div><\/div><!-- \/.sc_services -->[vc_empty_space alter_height=&#8221;huge&#8221; hide_on_mobile=&#8221;&#8221; css=&#8221;.vc_custom_1489159282039{margin-bottom: -0.6rem !important;}&#8221;][\/vc_column][\/vc_row][vc_row full_width=&#8221;stretch_row&#8221; disable_element=&#8221;yes&#8221; css=&#8221;.vc_custom_1719995678868{background-color: #f0f0f0 !important;}&#8221;][vc_column][vc_empty_space alter_height=&#8221;large&#8221; hide_on_mobile=&#8221;&#8221;]<div class=\"sc_team sc_team_default\"><h6 class=\"sc_item_subtitle sc_team_subtitle sc_align_center sc_item_title_style_default\">They work!<\/h6><h2 class=\"sc_item_title sc_team_title sc_align_center sc_item_title_style_default\">The Staff<\/h2><div class=\"sc_team_columns sc_item_columns trx_addons_columns_wrap columns_padding_bottom\"><div class=\"trx_addons_column-1_4\"><div class=\"sc_team_item\">\n\t<div class=\"post_featured with_thumb hover_icon sc_team_item_thumb\"><img loading=\"lazy\" decoding=\"async\" width=\"262\" height=\"262\" src=\"https:\/\/www.sancaklarsteelgroup.com\/wp-content\/uploads\/2017\/02\/team-1.jpg\" class=\"attachment-franco-thumb-med size-franco-thumb-med wp-post-image\" alt=\"Tim Burgess\" srcset=\"https:\/\/www.sancaklarsteelgroup.com\/wp-content\/uploads\/2017\/02\/team-1.jpg 262w, https:\/\/www.sancaklarsteelgroup.com\/wp-content\/uploads\/2017\/02\/team-1-150x150.jpg 150w, https:\/\/www.sancaklarsteelgroup.com\/wp-content\/uploads\/2017\/02\/team-1-100x100.jpg 100w\" sizes=\"auto, (max-width: 262px) 100vw, 262px\" \/><div class=\"mask\"><\/div><div class=\"icons\"><a href=\"https:\/\/www.sancaklarsteelgroup.com\/en\/team\/tim-burgess\/\" aria-hidden=\"true\" class=\"icon-009-link\"><\/a><\/div><\/div>\t<div class=\"sc_team_item_info\">\n\t\t<div class=\"sc_team_item_header\">\n\t\t\t<h3 class=\"sc_team_item_title\"><a href=\"https:\/\/www.sancaklarsteelgroup.com\/en\/team\/tim-burgess\/\">Tim Burgess<\/a><\/h3>\n\t\t\t<div class=\"sc_team_item_subtitle\">The Boss<\/div>\n\t\t<\/div>\n\t\t<div class=\"sc_team_item_socials\"><span class=\"social_item\"><a href=\"https:\/\/twitter.com\/themes_ancora\" target=\"_blank\" class=\"social_icons social_x\" rel=\"noopener\"><span class=\"trx_addons_icon-x\"><\/span><\/a><\/span><span class=\"social_item\"><a href=\"https:\/\/www.facebook.com\/AncoraThemes\/\" target=\"_blank\" class=\"social_icons social_facebook\" rel=\"noopener\"><span class=\"trx_addons_icon-facebook\"><\/span><\/a><\/span><span class=\"social_item\"><a href=\"https:\/\/www.instagram.com\/ancora_themes\/\" target=\"_blank\" class=\"social_icons social_instagram\" rel=\"noopener\"><span class=\"trx_addons_icon-instagram\"><\/span><\/a><\/span><\/div>\t<\/div>\n<\/div>\n<\/div><div class=\"trx_addons_column-1_4\"><div class=\"sc_team_item\">\n\t<div class=\"post_featured with_thumb hover_icon sc_team_item_thumb\"><img loading=\"lazy\" decoding=\"async\" width=\"245\" height=\"245\" src=\"https:\/\/www.sancaklarsteelgroup.com\/wp-content\/uploads\/2017\/02\/team-2.jpg\" class=\"attachment-franco-thumb-med size-franco-thumb-med wp-post-image\" alt=\"Cynthia Johnson\" srcset=\"https:\/\/www.sancaklarsteelgroup.com\/wp-content\/uploads\/2017\/02\/team-2.jpg 245w, https:\/\/www.sancaklarsteelgroup.com\/wp-content\/uploads\/2017\/02\/team-2-150x150.jpg 150w, https:\/\/www.sancaklarsteelgroup.com\/wp-content\/uploads\/2017\/02\/team-2-100x100.jpg 100w\" sizes=\"auto, (max-width: 245px) 100vw, 245px\" \/><div class=\"mask\"><\/div><div class=\"icons\"><a href=\"https:\/\/www.sancaklarsteelgroup.com\/en\/team\/cynthia-johnson\/\" aria-hidden=\"true\" class=\"icon-009-link\"><\/a><\/div><\/div>\t<div class=\"sc_team_item_info\">\n\t\t<div class=\"sc_team_item_header\">\n\t\t\t<h3 class=\"sc_team_item_title\"><a href=\"https:\/\/www.sancaklarsteelgroup.com\/en\/team\/cynthia-johnson\/\">Cynthia Johnson<\/a><\/h3>\n\t\t\t<div class=\"sc_team_item_subtitle\">The Accounter<\/div>\n\t\t<\/div>\n\t\t<div class=\"sc_team_item_socials\"><span class=\"social_item\"><a href=\"https:\/\/twitter.com\/themes_ancora\" target=\"_blank\" class=\"social_icons social_x\" rel=\"noopener\"><span class=\"trx_addons_icon-x\"><\/span><\/a><\/span><span class=\"social_item\"><a href=\"https:\/\/www.facebook.com\/AncoraThemes\/\" target=\"_blank\" class=\"social_icons social_facebook\" rel=\"noopener\"><span class=\"trx_addons_icon-facebook\"><\/span><\/a><\/span><span class=\"social_item\"><a href=\"https:\/\/www.instagram.com\/ancora_themes\/\" target=\"_blank\" class=\"social_icons social_instagram\" rel=\"noopener\"><span class=\"trx_addons_icon-instagram\"><\/span><\/a><\/span><\/div>\t<\/div>\n<\/div>\n<\/div><div class=\"trx_addons_column-1_4\"><div class=\"sc_team_item\">\n\t<div class=\"post_featured with_thumb hover_icon sc_team_item_thumb\"><img loading=\"lazy\" decoding=\"async\" width=\"244\" height=\"244\" src=\"https:\/\/www.sancaklarsteelgroup.com\/wp-content\/uploads\/2017\/02\/team-3.jpg\" class=\"attachment-franco-thumb-med size-franco-thumb-med wp-post-image\" alt=\"Aaron Schultz\" srcset=\"https:\/\/www.sancaklarsteelgroup.com\/wp-content\/uploads\/2017\/02\/team-3.jpg 244w, https:\/\/www.sancaklarsteelgroup.com\/wp-content\/uploads\/2017\/02\/team-3-150x150.jpg 150w, https:\/\/www.sancaklarsteelgroup.com\/wp-content\/uploads\/2017\/02\/team-3-100x100.jpg 100w\" sizes=\"auto, (max-width: 244px) 100vw, 244px\" \/><div class=\"mask\"><\/div><div class=\"icons\"><a href=\"https:\/\/www.sancaklarsteelgroup.com\/en\/team\/aaron-schultz\/\" aria-hidden=\"true\" class=\"icon-009-link\"><\/a><\/div><\/div>\t<div class=\"sc_team_item_info\">\n\t\t<div class=\"sc_team_item_header\">\n\t\t\t<h3 class=\"sc_team_item_title\"><a href=\"https:\/\/www.sancaklarsteelgroup.com\/en\/team\/aaron-schultz\/\">Aaron Schultz<\/a><\/h3>\n\t\t\t<div class=\"sc_team_item_subtitle\">The Worker<\/div>\n\t\t<\/div>\n\t\t<div class=\"sc_team_item_socials\"><span class=\"social_item\"><a href=\"https:\/\/twitter.com\/themes_ancora\" target=\"_blank\" class=\"social_icons social_x\" rel=\"noopener\"><span class=\"trx_addons_icon-x\"><\/span><\/a><\/span><span class=\"social_item\"><a href=\"https:\/\/www.facebook.com\/AncoraThemes\/\" target=\"_blank\" class=\"social_icons social_facebook\" rel=\"noopener\"><span class=\"trx_addons_icon-facebook\"><\/span><\/a><\/span><span class=\"social_item\"><a href=\"https:\/\/www.instagram.com\/ancora_themes\/\" target=\"_blank\" class=\"social_icons social_instagram\" rel=\"noopener\"><span class=\"trx_addons_icon-instagram\"><\/span><\/a><\/span><\/div>\t<\/div>\n<\/div>\n<\/div><div class=\"trx_addons_column-1_4\"><div class=\"sc_team_item\">\n\t<div class=\"post_featured with_thumb hover_icon sc_team_item_thumb\"><img loading=\"lazy\" decoding=\"async\" width=\"262\" height=\"262\" src=\"https:\/\/www.sancaklarsteelgroup.com\/wp-content\/uploads\/2017\/02\/team-4.jpg\" class=\"attachment-franco-thumb-med size-franco-thumb-med wp-post-image\" alt=\"Benjamin Hansen\" srcset=\"https:\/\/www.sancaklarsteelgroup.com\/wp-content\/uploads\/2017\/02\/team-4.jpg 262w, https:\/\/www.sancaklarsteelgroup.com\/wp-content\/uploads\/2017\/02\/team-4-150x150.jpg 150w, https:\/\/www.sancaklarsteelgroup.com\/wp-content\/uploads\/2017\/02\/team-4-100x100.jpg 100w\" sizes=\"auto, (max-width: 262px) 100vw, 262px\" \/><div class=\"mask\"><\/div><div class=\"icons\"><a href=\"https:\/\/www.sancaklarsteelgroup.com\/en\/team\/benjamin-hansen\/\" aria-hidden=\"true\" class=\"icon-009-link\"><\/a><\/div><\/div>\t<div class=\"sc_team_item_info\">\n\t\t<div class=\"sc_team_item_header\">\n\t\t\t<h3 class=\"sc_team_item_title\"><a href=\"https:\/\/www.sancaklarsteelgroup.com\/en\/team\/benjamin-hansen\/\">Benjamin Hansen<\/a><\/h3>\n\t\t\t<div class=\"sc_team_item_subtitle\">The Worker<\/div>\n\t\t<\/div>\n\t\t<div class=\"sc_team_item_socials\"><span class=\"social_item\"><a href=\"https:\/\/twitter.com\/themes_ancora\" target=\"_blank\" class=\"social_icons social_x\" rel=\"noopener\"><span class=\"trx_addons_icon-x\"><\/span><\/a><\/span><span class=\"social_item\"><a href=\"https:\/\/www.facebook.com\/AncoraThemes\/\" target=\"_blank\" class=\"social_icons social_facebook\" rel=\"noopener\"><span class=\"trx_addons_icon-facebook\"><\/span><\/a><\/span><span class=\"social_item\"><a href=\"https:\/\/www.instagram.com\/ancora_themes\/\" target=\"_blank\" class=\"social_icons social_instagram\" rel=\"noopener\"><span class=\"trx_addons_icon-instagram\"><\/span><\/a><\/span><\/div>\t<\/div>\n<\/div>\n<\/div><\/div><\/div><!-- \/.sc_team -->[vc_empty_space alter_height=&#8221;middle&#8221; hide_on_mobile=&#8221;&#8221;][\/vc_column][\/vc_row][vc_row][vc_column icons_position=&#8221;left&#8221;][vc_empty_space alter_height=&#8221;large&#8221; hide_on_mobile=&#8221;&#8221;][vc_empty_space alter_height=&#8221;biggest&#8221; hide_on_mobile=&#8221;&#8221; css=&#8221;.vc_custom_1489065228968{margin-bottom: 0.8rem !important;}&#8221;][\/vc_column][\/vc_row]<\/p>\n<\/div>","protected":false},"excerpt":{"rendered":"<p>[vc_row][vc_column][vc_empty_space alter_height=&#8221;huge&#8221; hide_on_mobile=&#8221;&#8221;][\/vc_column][vc_column width=&#8221;1\/2&#8243;][vc_column_text] A Different Perspective in Procurement Sancaklar Steel Group was established in 2019 and operates in cooperation with leading sectors in T\u00fcrkiye and around the world. Acting with the awareness of serving important sectors in terms of&hellip;<\/p>\n","protected":false},"author":1,"featured_media":0,"parent":0,"menu_order":0,"comment_status":"closed","ping_status":"closed","template":"","meta":{"footnotes":""},"class_list":["post-2116","page","type-page","status-publish","hentry"],"_links":{"self":[{"href":"https:\/\/www.sancaklarsteelgroup.com\/en\/wp-json\/wp\/v2\/pages\/2116","targetHints":{"allow":["GET"]}}],"collection":[{"href":"https:\/\/www.sancaklarsteelgroup.com\/en\/wp-json\/wp\/v2\/pages"}],"about":[{"href":"https:\/\/www.sancaklarsteelgroup.com\/en\/wp-json\/wp\/v2\/types\/page"}],"author":[{"embeddable":true,"href":"https:\/\/www.sancaklarsteelgroup.com\/en\/wp-json\/wp\/v2\/users\/1"}],"replies":[{"embeddable":true,"href":"https:\/\/www.sancaklarsteelgroup.com\/en\/wp-json\/wp\/v2\/comments?post=2116"}],"version-history":[{"count":5,"href":"https:\/\/www.sancaklarsteelgroup.com\/en\/wp-json\/wp\/v2\/pages\/2116\/revisions"}],"predecessor-version":[{"id":2121,"href":"https:\/\/www.sancaklarsteelgroup.com\/en\/wp-json\/wp\/v2\/pages\/2116\/revisions\/2121"}],"wp:attachment":[{"href":"https:\/\/www.sancaklarsteelgroup.com\/en\/wp-json\/wp\/v2\/media?parent=2116"}],"curies":[{"name":"wp","href":"https:\/\/api.w.org\/{rel}","templated":true}]}}